{"id":26,"date":"2021-08-30T20:11:19","date_gmt":"2021-08-30T18:11:19","guid":{"rendered":"http:\/\/www.mdcoach.lu\/?page_id=26"},"modified":"2023-02-04T21:20:34","modified_gmt":"2023-02-04T20:20:34","slug":"services","status":"publish","type":"page","link":"https:\/\/www.mdcoach.lu\/index.php\/services\/","title":{"rendered":"Cours et tarifs"},"content":{"rendered":"\n<p>A partir du 06 f\u00e9vrier 2023<\/p>\n\n\n\n<h2><strong>S\u00e9an<\/strong>ces individuelles sur RDV :<\/h2>\n\n\n\n<p>Au cabinet de Kin\u00e9sith\u00e9rapie Deno\u00ebl  <a href=\"https:\/\/kine-denoel.lu\/pilates\/\" data-type=\"URL\" data-id=\"https:\/\/kine-denoel.lu\/pilates\/\">5a route de Mersch ; L-7780  Bissen<\/a>  <\/p>\n\n\n\n<h2>Tarifs :<\/h2>\n\n\n\n<ul><li><strong>60 minutes = 65.60\u20ac<\/strong> <\/li><li>10 s\u00e9ances de 60 minutes = 615\u20ac valable 5 mois<\/li><\/ul>\n\n\n\n<h2>Types de s\u00e9ances propos\u00e9s et personnalis\u00e9s :<\/h2>\n\n\n\n<ul><li>Pilates Equilibre &#8211; s\u00e9nior<\/li><li>Pilates Femmes enceintes<\/li><li>Pilates Post accouchement<\/li><li>Pilates Dos<\/li><li>Pilates Post Th\u00e9rapie<\/li><li>Pilates remise en forme niveau d\u00e9butant \/ interm\u00e9diaire<\/li><\/ul>\n\n\n\n<ul><li>Relaxation adapt\u00e9e aux besoins (confiance en soi, pr\u00e9paration mentale \u00e0 une op\u00e9ration\/accouchement\/sport,&#8230; , bien-\u00eatre,&#8230; )<\/li><\/ul>\n\n\n\n<p><\/p>\n\n\n\n<h2>Cours de Pilates enfants :<\/h2>\n\n\n\n<p>A la salle communale de Beringen, 3 rue Wenzel L-7594 Beringen<\/p>\n\n\n\n<ul><li>17:30 &#8211; 18:30 groupe 1 pour les enfants de 4 \u00e0 6 ans<\/li><li>18:30 &#8211; 19:30 groupe 2 pour les enfants de 7 \u00e0 9 ans<\/li><\/ul>\n\n\n\n<ul><li>Trimestre 19 septembre au 19 d\u00e9cembre 2022 : 12 s\u00e9ances 114\u20ac\/enfant<\/li><li>Trimestre 09 janvier au 27 mars 2023 : 11 s\u00e9ances 104,5\u20ac\/enfant<\/li><li>Trimestre 17 avril au 10 juillet 2023 : 11 s\u00e9ances 104,5\u20ac\/enfant<\/li><\/ul>\n\n\n\n<p><\/p>\n\n\n\n<h2>Les s<strong>amedis, s\u00e9ances en petits groupes sur RDV : <\/strong><\/h2>\n\n\n\n<p>Au cabinet de kin\u00e9sith\u00e9rapie Deno\u00ebl <a href=\"https:\/\/kine-denoel.lu\/pilates\/\" data-type=\"URL\" data-id=\"https:\/\/kine-denoel.lu\/pilates\/\">5a route de Mersch ; L-7780  Bissen<\/a><\/p>\n\n\n\n<h2>Tarifs :<\/h2>\n\n\n\n<ul><li><strong>24.60\u20ac\/personne<\/strong>\/ s\u00e9ance en pr\u00e9sentiel<\/li><li>113\u20ac\/personne pour 5 s\u00e9ances valable 2 mois en pr\u00e9sentiel<\/li><li>11.50\u20ac\/personne \/ s\u00e9ance en visio pour Pilates Dos<\/li><li>92.50\u20ac\/personne pour 10 s\u00e9ances valable 4 mois  en visio pour le Pilates Dos<\/li><\/ul>\n\n\n\n<h2>Horaires du samedi :<\/h2>\n\n\n\n<ul><li>08:00 &#8211; 09:00 Pilates femmes enceintes \/ post-partum<\/li><li>09:00 &#8211; 10:00 Pilates petits mat\u00e9riel<\/li><li>10:00 &#8211; 11:00 Pilates Dos<\/li><li>11:00 &#8211; 12:00 Pilates s\u00e9niors &#8211; \u00e9quilibre<\/li><\/ul>\n\n\n\n<p><\/p>\n\n\n\n<h2>S\u00e9ances en visioconf\u00e9rence :<\/h2>\n\n\n\n<ul><li>S\u00e9ance en individuel par visioconf\u00e9rence sur RDV = 46,20\u20ac\/60 minutes<\/li><\/ul>\n\n\n\n<p><\/p>\n\n\n\n<h2><strong>Freelance<\/strong> :<\/h2>\n\n\n\n<p><a href=\"https:\/\/vital-an-aktiv.lu\/fr\/activites?detail=454\" data-type=\"URL\" data-id=\"https:\/\/vital-an-aktiv.lu\/fr\/activites?detail=454\">Entra\u00eenement du dos \u00e0 Ingeldorf 150\u20ac pour 12 s\u00e9ances. Inscription aupr\u00e8s du club s\u00e9nior de Nordstad<\/a><\/p>\n","protected":false},"excerpt":{"rendered":"<p>A partir du 06 f\u00e9vrier 2023 S\u00e9ances individuelles sur RDV : Au cabinet de Kin\u00e9sith\u00e9rapie Deno\u00ebl 5a route de Mersch ; L-7780 Bissen Tarifs : 60 minutes = 65.60\u20ac 10 s\u00e9ances de 60 minutes = 615\u20ac valable 5 mois Types de s\u00e9ances propos\u00e9s et personnalis\u00e9s : Pilates Equilibre &#8211; s\u00e9nior Pilates Femmes enceintes Pilates Post [&hellip;]<\/p>\n","protected":false},"author":1,"featured_media":0,"parent":0,"menu_order":0,"comment_status":"closed","ping_status":"closed","template":"","meta":[],"_links":{"self":[{"href":"https:\/\/www.mdcoach.lu\/index.php\/wp-json\/wp\/v2\/pages\/26"}],"collection":[{"href":"https:\/\/www.mdcoach.lu\/index.php\/wp-json\/wp\/v2\/pages"}],"about":[{"href":"https:\/\/www.mdcoach.lu\/index.php\/wp-json\/wp\/v2\/types\/page"}],"author":[{"embeddable":true,"href":"https:\/\/www.mdcoach.lu\/index.php\/wp-json\/wp\/v2\/users\/1"}],"replies":[{"embeddable":true,"href":"https:\/\/www.mdcoach.lu\/index.php\/wp-json\/wp\/v2\/comments?post=26"}],"version-history":[{"count":28,"href":"https:\/\/www.mdcoach.lu\/index.php\/wp-json\/wp\/v2\/pages\/26\/revisions"}],"predecessor-version":[{"id":273,"href":"https:\/\/www.mdcoach.lu\/index.php\/wp-json\/wp\/v2\/pages\/26\/revisions\/273"}],"wp:attachment":[{"href":"https:\/\/www.mdcoach.lu\/index.php\/wp-json\/wp\/v2\/media?parent=26"}],"curies":[{"name":"wp","href":"https:\/\/api.w.org\/{rel}","templated":true}]}}