{"id":25,"date":"2021-08-30T20:11:19","date_gmt":"2021-08-30T18:11:19","guid":{"rendered":"http:\/\/www.mdcoach.lu\/?page_id=25"},"modified":"2021-09-18T20:02:17","modified_gmt":"2021-09-18T18:02:17","slug":"lharmonie-vital-par-la-sophrologie","status":"publish","type":"page","link":"https:\/\/www.mdcoach.lu\/index.php\/lharmonie-vital-par-la-sophrologie\/","title":{"rendered":"L&rsquo;Harmonie Vitale par la Sophrologie"},"content":{"rendered":"\n<div class=\"wp-block-columns\">\n<div class=\"wp-block-column\" style=\"flex-basis:33.33%\">\n<figure class=\"wp-block-image size-large\"><img src=\"data:image\/jpeg;base64,\/9j\/4AAQSkZJRgABAQAAAQABAAD\/2wCEAAoHCBYWFRgWFRYZGRgYHBoYGhkZGBgYGBgYGBwZGRoYGhgcIS4lHB4rIRgYJjgmKy8xNTU1GiQ7QDs0Py40NTQBDAwMEA8QHhISGjQhISE0NDQ0NDQ0NDQxNDQ0NDQ0NDQ0MTQ0NDQ0NDQ0NDQ0NDQ0ND80NDQxND80PzQxPzQxMf\/AABEIAO8A0wMBIgACEQEDEQH\/xAAcAAABBQEBAQAAAAAAAAAAAAAFAQIDBAYABwj\/xAA9EAABAwIEBAMGBAUEAQUAAAABAAIRAyEEEjFBBSJRYQZxgRMyUpGhsRQjQsEHJGLR8BUzcuHxFkOCksL\/xAAZAQADAQEBAAAAAAAAAAAAAAABAgMABAX\/xAAmEQACAgICAgEEAwEAAAAAAAAAAQIRAyESMSJBMgQTUWFCgaFx\/9oADAMBAAIRAxEAPwDGYC7Gz8JiLXlT8MBD6nW1+uqrYAcjI6FXeDmHvnoP3XnSfZ61O7YNqsLXuHUyEa4e7mEAQGiJ01uheOP5hjUQi\/Dw0kiM2Vht\/VKnLdBXRQxdTLiH2EE3G2hQzGhskjc\/JEsQwe2eXW0MdOyG8RNiR1CrH0CS8S14eYIJiSXQjNbBtuSDc6dED4RUinrcOJ+6P4eqXtMn3byo50+doSL2kwEx9tNHlWcKZMxBzQO6i4fSa57szgMrpA+J2yvYNv5xzbZoHQxKrL4judaJ30w1ku1ujPgpv5Lyd3n91neKPIhsawSe5lanwcyMMI3c4\/db6ePlZzZ5aDcJwCanruOUanNC4BOWAjiEieQmlKwjSkISkJCsYaV534qYTiXkRYAdNivRFgfE7XfiHwzNp6WKnk6OnD2M4WQGGTcmIna6B1nQ+pA3P3V7BYdxIjaSe6q4h+V9Sbrnh8nR1RZM+PYsPmI+agqiaIJM5TA7aKcj8hsbk+aVrAaTW5oGa8hMnQJUnYJLh\/gXIhUa2TaVyeyfMl4cJY2f6grnC2E1HCdp9QqHDncgO2Y+hhWcFm9oY1LXR8lKXbRR8iJ5Ie8uF830RXhrhmywTyOPLrJKDNDmudmkxqi\/D2w7OSQ5wdEaxOwSSDG6KXEWfmu1EACN9N1U4jk\/RoInzRDGVvzjIkFoN7G41KF4tvK4jr1VI+jTVxRPwdzMgDgS7MdPNFX4wgZcrQ3sIKoeH2NFPMRLi6PRG6mBZ75vv2CjlklOmTUXqjO0C7mI1DpsiHDX8xmZ\/uUOwz4a7WZiRoL7ojwoy8xfS\/lKpJ1Fl201+y\/xNgHy32Wm4CzLh2DSQfuVkuOVCARueb0\/wLa8KbFCmDaG\/e6P0qat2ced2qLCVV6mKa3eT0F012O6MN10vJFdshHHJlwJwCHf6gfgXf6lGrSfJb70Q\/akE1xVFnFWbghWGYpjvdePI2KKnF+wcJeyRNKUjskKb\/gtUI5YzjpHtqhmLX7kiy2RWB8UMH4h5k2A2toVHMtHRgjcjuGVAaeX9QmyD41wa95PQbd0S4K2xcTpbzVTiFNud5Pwg663XLDUmdaq6IWCKA8z+6a9n5Gsy4emifTP8uIuZP7prWfy+oPNJG4urLtgkkpJkQxNUWDhZcnMY4iQzXuuT2PUR\/Cf9v1PqrmEJ9rHQOuN7BUOEHkv8WiuUHfmT2IClP5Mm700NqunOdpg+hV\/DFwc18gCHZd4EakIaymctSbEn90UwDXFzHA2bLWnYmN1OVIpF2mVMcA6sXEzLQLWm2yG414DXQLCyI8V\/wB55tMD3dBa8IfxQNyuyTEgSesKsNtCT+JPwyoRSZHUk\/NHcLUe9hnTr1QHhVZgYwEEmD6I2ce0MayCI3G6jmi3Lr2Ti69lXAMmnDWg5n81tLqTAtHtXgCMp26XVHBvqBhDXDK4kxubqfD08k3u43VHHloL8dtl\/FOz6taRoOsLQ4Zz3tEmGgAADoOqzVKQYC1HCqZI\/ukriqQq8nZMyiP+04M6CVYdT6JzGx3SUyqRB+HtJTfYDZWy6UgHVamZIpOoDp9FBUw3b9kUKjexbaDxQLbXey4JP9JuFdwvEmPsbO0jqUlRttEPxWEHvCx+ytDK0RnhTDp7+qwfiWi91d5a4RAt1Wp4dj\/0P1AsdAfVZfxJWa3EPkGYiB3VpS5RVE8SlGQIwTDlAEy4kgDRdjcKcwD3fpuf2V7g1drW5D7x06b7qtxthc4AHY\/TZcybc6Old2QUD+QQPi+iax35YkDLmExqVJh2\/wAseuYD7prB+S624VV2zNW0L7b4TbZcqHsTsfouTm4FrgxBneI9blWKtOXgN7x2VXgY9\/t9bq4+pD29ipz+TFd6K7A+HtNyPvO6L4B92MAzZQSb6k6hVWmWPcN58zorOGIGRlyXAuIHvERopyd+isV4kWJflrEFoAicpudEI4oAGuAFs0wiuPZNa82YNdfJCeKulriCIzeqrDtCzS4hXgWGa6mzqcyIPwOUZn8xkx0QvAuLWU4MSNeiJPxp9mS7UGAdiufIpOevyTTj0yhhAWNlwuS6O0p\/4iTcRFo6of8AiCdSrWDZJnfvsuvioqyMp8mGcI2YWlwg5Y0QDh1M69PqtJhWQL3\/ALKUlZbH0TsSln9k5jL2SusTdToqJSp5RGp6panWE9v7SlDZRoxEDOoXR2VkUx0UdRkINDFZ7FBVp\/VXlDUatQrQBxtGLgXCzPG6RLi9xkmBO9luMRS3QTiOBlpHqmUmhVp2AMHSl4LrM19YScaYSG5TfS3Rd7J2Zzbw2LbymY7DvaydSdBOgS\/zTsEW23ZFgj\/LuHQhNpNHs3W0g6p+Eb+U9tpBHkF2GpjI6xGkmbEXsFZdsb2ik2u4aNC5EvxVIWDTbsuWsNspcGBl\/rHorVcczSNyqvCngPeMt+ZT4l5tG2ndaS8mTalSofhmuDH9pH2V7hdMAseSczpHfLlOiq4F7+cOj3SewMBWOFMcSx7jAu1vaAbqT9jw6K\/EiM4193fVD+IsaGEAjX63RbHPaXySTLSM0WF+iE8TYCwxeDM9dVSD2jZVcQlhzTyUw+Zy7aShfFMYXmNm2jYqfEVA2kwD3iEmD4BVqsztAazZziOY\/PuqRirbZzStukUGVL82qJ4YjvfVUMbw17DzAf8AK0FWMC7NZxiNlSVNCKNdmz4c5sAC\/eUfpiwgT1Wa4Q1siNhotTQ5hZc8ujqhVEmYi4Ujqc231S0GdSpXMmx67aqY4xjANTrZTYeEvs2mJ0C4VRoAnQC0xojTsocRTE2S0qwi1oum1qyZ1RkitkmZ+SjeyBZSF4myRw+ynWxynUYh+LpopUNlUxDJCJOSMjj6gZUa872P\/ah4+SGBzbyLJ\/iJnKR6z0VOtV\/l27wB3Q4q1IEXuitwwflVPK\/cp9JoLHGDMa\/pt2TOGu\/Kf84T8GeV+psfIJ92xmqkmVWsn9SVMz\/5K5bZe4\/gfwlv5z\/InvsrOIZzAhQcMcfxBPW32VnGui3zjZGfyOeV0qLFCMjo0IN+uibgqriacCGtMCdCU3CWpv8AWPopsGZbTYNAZ7EqOlY8eh3FqZc8F2Ucsy3SJ0QfGAZHQN49UU420hzOUNhptNjdC8UAGEAzzA20VYCZJeJHhmGtVpU73yj03W7x7cjcjR7oaxjRp2JWL8L1cuLpk\/FC9LbSaazdDDcx81WS1oH08VLbMPxMRLHkl25OnohLaDQbk3t37LaeKKbHMjIS5v6xNtdVkmA6gztCCdCZY7C3DMUaYhzc7T+oe8B2Ww4bVzsaQQWkHQ\/Q91m+EU8zmkxA17LTUcKAczOQ9hynzCSTDBBBjYskq1wwFzjAVGpxMMcGVBkcdHzLH\/8Ay\/Seygx5Dzr7vMBsZ6pIx2PJkP8ArpnK1pJkxaZVepxdzDz2cL2KZUBI5BfeLAKkOCF93kx9f+1aKj7Jy5eg\/wAP4sHkbfIAo84Aj0WFf4ey81GtDtgRb6lXMNxjE04bVYXZf1xZ30Wkl6NGUl2Hq9O9iUntXBTUazajcwEWuOijY3NA6mynKLLqVjKlQfZU8XUVjFshx66IPjaxCFCyAfiR3I7yQDAZm0iXafD26onx6vyEqpgXB1Mk6Qi3UevZKKTYuGIioAZlodbS+yfg2uLHiQBBtuQq\/DGS1\/8AxJVjh4OQmxs4awQs+yrjtWyWnjqTQGmnpbRcqGbuFyFotwX5Fwj4rNgzzDaN1dxujuqH4dsVm33bppqiHEWwXRr90Z\/IjJNRVDMM8lr2nUAn7K1w0gMYCfedPcCVG0AtdGkaqXhdOQx2hc4Admg7KT2mNH47HcQLc7Ly0tdqNLoTXbDHQbZoFtoRjjLC57ZcDlDpI0BnRCMSyGOjrM9VSAk1cUUuHPyYimZ\/UF6phHc7zElrY815HiOXK\/ex+RXrHDMS1zGVWn36bS4HrCvLqyeF8ZUPx1KcMYHM9sl3WxXnhMPIGxg\/utniuKVadHJklhtmA90TssfiKjS8uYOv\/lCh8rs03BKjQWgNv5a+a1NF3oFmfDtBzRMzofnC0c7Kcgw6J6tNrhDg1w6OAI+qAcYwz6JaaPM02cxxm1\/dPojrHTHZMxtOW21F5j\/LpUZoCM4hTbAc5rC64adfInqpMTxKm1pLniGgE2JDQbAq2xrHtcHsDgbHNe37qHH4Km+kKeXK0CABZsDsqxo2ypR4lRcOSqxx8i0j0V12KaWhrtNtws1S4FSpnla6Y1N7+aI4eiXgCTA\/+yLVdB4vtmkw7TlECJ6JweA8D4BJsqvDscySwPbLRoTBt5qM5nvcGuGxLmkEDskadhbpC8QxbGgkmLkhZnHcVZEZp+YKK4\/hFJ5h9W+sTCB8R4NTYJa6exufmnSXsjkcq0BeNVQ4AdbndScLY32brzAkhCcSADlG566IjwzCOIMWAF53S5arsnjk+WzuDuHOP6HAK1w5gMWm5k\/PZVeGkF7wfgdp6Kxw5ol3LN9TpoUjOme6ZSrOhx\/suRanjqAADqbi7c9T81yS\/wBD8n+AM1pFSduW6KcSaZJ7T5oXmGY7E5SANCieOJsTrlBTz+SElbjr0dgGnI6dCCPoFJwy\/s3E\/ra1vlN1XwNR0OB0yk9gYUmBJcKYbZrHAnuc2yRrs0W3HZZ43ILYDRzP0OondDMfSyU4138pRbjDWlwEZPe13vqgmMZyO1NwngCStUV+JYOWMLTJyyR2W98FuBwrSRLm8mXsAs5hsI1zWTq4fZHfCtF1J7mPcIcc7WjrumWVPxEjGpWH8Sweyc3WdGxpZYp2Bc95DWwB6BbXiD2tab87rAbAKnhmjpfSUU2PKKb0LwrC5G\/QokGXj1TaTIF\/NPw9zKnLbMtKiyynCeR+k9NVOGQ26r0z1WSo1gsUXsdDe8Dqnmqf1Mg6SLok9oO3\/Sa0OHdFMdAmpSz6NI9En4bIJFyRPdFHzpYKGLwTKPIdvQPw3D2EF9RgeTIuNB0j5oFjMKWVg2gfZ5gSQJLDGxb+k91r3IC94\/EOafht8gmjLZGSA+Mr16VJxaxr3kzIdmy3GxVChxl9RuWuwBxu12hj5I3Xm\/T7oDxVgGUgb2+qpaeiclSszuOqgVHAddd1o+DVQ5lr3jysoDwZj4cXEEiTYQT00UPC8QaT3M5QCdiT90mWHKOiWOXkJwxkPfGzSFLwyC8gybiI0mCo+Fv\/ADXxu1yk4WPzCDInpvqps636KtZ5zHzXKetTOY6JFqK8kU2N5xHQeSO8SaCGz8I+QhAaZMs3OW\/QXKO4t8sYT8IE\/JCd8kJ\/HQygBkMalpOvYpmEflYxo1LgTGwkLuHnkdPU\/Ky7Auhgn3nPAH\/EOSO9gjtFnjTAS3LJu6Sdj2QrFEBhvNzPZFeMOgNIdI5jpv0QvHUcrCCQCTtexVMSt0JNpRthTCPOaixglzhA8ytPVohtY0xEMAE7uJsTKG\/w24bnLsQ+5ZDaYOxkj9lp+PcP9nW9o0ctTmPZ5JJVXhjFXWzmhk5Soz+hPy62RTBtmN0Jruh5P+FEuG1fnqVM6HZbxD45VbwTNChr3gv9ETw5sgZMt1TZRM8kj3TbdR1seyk0ucRIv6LJNsNoIPpholxA8zoENqV3POWnp8UWCz1fxL7V+VkkesnyVzCcWax+SQ23KNZO89FTiaMl7Ji5xeWzpv1VljCB5\/NBncQY8moHRBh2unVOfxlrS0B5cHaZgdOsrOJXkqD5Ycsx2WZx9I+1L\/hFx\/TZH\/xhyRsboCzEB9ZwbcNbE7TZLxoR7JcNTa8QHXuD2QDxGxjMjWnR391cxuKyOftIJt1WS4ji3cpkz321TR2Qm70EH40MYd9YG0rPUaL3v5ZmZ8vVTjFFwIRjgOGGu5v3WlPgmxYwV0Q4EOZWAfBOUtMeSlwL+cgGD81JQp\/zJHr9rKLDOiqRaSTtoJUm+W\/0dFVQytIcbzc\/dcu4gJqP8zuFyNorogw7s03DRkJE\/wBO3qibxnpsMxY\/PogoExsLj5I0z\/ZZ5lGapoltRZUwj3TkjqJ7q3wtwyl7hoWsaO86pcEAASNSXST+yZhyC25DWMkn+t02U2uTaQISpWy3xUiweQG80ZevdZqtVLj2V3ieKzus2GiAL6oeRcrtwYaVs4c+bl4xPRv4UY0ZqtB2sB7P6tS6PJek4nh7ajCx25kHoV4BwTiDsPXZWYbscDGxH6gexAK+iOGYplakyqwy17WuHk4AwuiUU+yEZOJ5bxHCPpvLXjnafQjqrWHsRex+63XiLgYxDCW2eNCNxexWJZRIDmPGVzdjrIXJOFdHdiyclQzFsyvY7bTy80TZVjTv6KhingsBOs+pI2QfiHFCOVp3teAI3KmlZRyUQ\/W4iGCCJIGY9htK884rxc1XmCctzB0RrHvLG5nPBNRoAjb1QHhfDXvdDhyg3OpMqsYpbYjk5OkQ4TFVJ5AeSeYC5B2K4VahkkETIk6neQt5Q4YxrIAsQBpBEIfjcE9li0PbsCLx5rWh44m0ZfC4vK3Ke48\/NQDGOLmtNwIHbXWUSxGCousWOpkn3pL2\/JVHcPpMDstXM7a0DtuiqFljnEWrxWqDlDzkvMnbstZ4ZrMfTIAh1jfXdYSphn5ZNxpPZGvDONyvInshJaEjNqVMteI68PMf5dZrFU80Tuf7otxurnqmEtbhw9mxzupPfdTjrYXJORFw3CtAeA3mhXeH0iHAnlyjymVBhXODnBs3A+yTK8iXEyDELnncrVjtJO6HNtiT1In7KvRZ+aXWJvY2GqlNMtxDMxmfooaTHGt1EutoE0a\/ws2mkwlUw+YkwL9FybUYJ92NPskQs3Iz7qgB03Nuisf6o7IGBotN1Qd0SE\/Jej9qPs8+X1Mn0WW414EB0dYTGOJNyesbSq\/zU2HN0yhFeiMpyfbJSSmuanJ0J0hCNroIXp38JeO5XOwjyYdNSkT6ZmeVgQvMcqsYes9jmvpuyvYZa74XD9tkWtGs+nQEE47wYVPzGACo35OFrFO8Mcbbi8Oys2xNnNtyuEgjykI1Cm1ehoycXaPB+M48te5rZGVxAbvO5WWxdfnzEnX5LYfxJ4WaOJe8EgP5gTpcusF50yqSTJj\/AMqKhTLObasMCuajgC6zbgStPwTGsYSHbwVjcNVgzAmI\/wC0+o5wEkHWfRaUSuOdOz1lldrhYoZxbjjGtLQeabLA4XjLmuJnUAX2SvqF0vd0PkFPjR0PLfRozxQObzsa42uABAVPiPsXWbvfyWfa\/mkDbTbspKOJOdriO0bI8RHna0w\/wTBh4cw6HSelkOZS9k9zPhBjuETw2MawtcDuNenRUuP4lr6nL0AnqERJuLVrspUmF7+7jrvC0fG2FmGYQLl+XyGUn9lR8PYXM8Tsj3i8ZcOwbZv\/AMlCvFsSD8lZmsM4h7T1ACIUMQ0PLSLyhLbOZ0gKx7PPUgWOoK45RTZ0ytM7iI\/mGHyVSo8+2AiRJsDCJ8SbFWnvt53Q2v78H4j5+iaD1\/RR9Bc0R8Gw37LlYpxA5X6dEqwDEBIU8hNC9c8gjIUlA3ITXBPwwku8lgE09U+FE0qVqxhYT2WTN0kyimY2n8N\/EP4av7N5\/LrEA\/Cx5IDT9wV7dMhfL7T3jp1H+ar3D+HPiD8Thg15\/MpAMf8A1C8O+QSyRkN\/iZwl1fCnI3M9rgR1Dbyvn7E0HMs4SRr19V9ZuXjvj7wO8VX1qIlrzo3Vrg2b20U2ikXqjyrDkyTA+eisuqOA6k2F9ElJha4hw5gSCO4K6rU5ran6JWxxKLLy4efmitUjJa2aPkqFF+t5j6p7qmYesQdErGUqEa7p\/kLsSyPSDPZNY7KJI3gAJ9d9hPqsBuyt+KJMZrahXsCS5snU6DUoVUDW5u5sp8K8sIc06Xvoi42heVdnonhjCwMyu+J6WahETzfsVV8L8dpVWin7lSPdP6rfpVrxSSMO4iRBB+6WUWotDQuUlRi32y+gU9XPq10aX7dlUJjLN7A\/VE6D2w2bSI9VxTtK0dri32V8TnmmX7OgX1E6qKoRnJm+ax6BXONXyT8UDyVA0xnJOxETutHcbKcaiHackD836LktNrgBZq5YQxpHqoynphC9azyRrSkzFpzNO2iQFSzKJiRlQOHQ91IP88lUqMT8PmBg6LGLWZJokJ6JT3RRhWdUb8I8cdhMS2r+gkMqDq0ggO7QTKCBKNb6RfyWZj6co1Q5oc0yHAEHqDoVU4njmU2w8jm5QOpKxn8MPEXtKBw7z+ZSu2f1Uobld6GQtniMMx7SKjQQRGYiT6dElb2b0eNcc8JVM1Sowhwc4uAAsMzrBYysy8EFsagale28Rwr8ObS+mTIdM5exas3xTw4yq1xYxoc6XZgGiHHp2WlBPoMZNdnlzDA921wJ\/dND4jUdZ89luH+B60aE9YymT80FPhWs5zw1p5TESP7qbg0OpJgTPBuZ3j1TKzwSYvpyopiPDOJYedjuk2\/urdDwjXFN9RzS0NBcNL5bnfuEFFjWZJ4l3T9lepRoFBXZv1ulpvhUSrsnJ2SuEGfkRqEfp+KHmi6jW5wSMr7At25gNUCJB+STL9kZRTQYzcZWg2Yc1pB2OnmrTmOLGxf7DzWaw9ZzDYnynZHsLjg9oYw3vLSuHLia6OqObltl\/iNqdO8kFskaC6o1285OYQC0ptYOyTfLmA8iE3FzmyAfASeyjGPo6ou4hKo0SeQG\/wARXJxIk8h1O\/dcjxJ2jNvpxqonhXnCQq9WmvWa0eWmU3gyn0XSmvF1Gx8GUqCXmslO\/ZIxwIkJU9GFBSQnALmrGFhKP87H+ySV0rGCPAuKHDYhldv6TzDq0++PKBZe\/UMQC1r2nNTeMw3gH9l84AWXrX8LOL+0oOwzzLqV2zux5Jj0JKWSMjdnDtPM3Q7agrKccwPsHhzRLH7a5XdB8lomPLHdtY\/souJYoOIY3WA6DoDdaLdgfQGw2KES4ZRtaI6KrhXtOJcLgPbIDgASW2RWmwOMlsEXjqgfiMFlSnVH6CCesGZVGBBfiVOWE9L+qvuYH0Sw6FmX6JuIYHMdGjhbzKiwDpYBOxCn7G9aPn7imFyPez4XOH1QthhbDxpgizEvP6Xkkf8AKXT+yyNdmV3+XQkgIeHp7anVQOfG2u+wUpINwtYaHPZB79U2m4ggiQfspjcfKFEQs1emMnXRomY8VKBa6A9jh5EdVHiKgDnQLkN9EEY8iCNte4Rh1dpl+5aI7lcOTHxejvwZOSphik9sCc\/0XJlFzcol5FvgK5Rtl6iAaVSQnuEplanlM7Fc111654pXq01Ve1EqglUK7ErQUOw1TbZXfJDWOV7DPkR0RQR+VcFzglKIpwTg1NIT4WMc5hRPwxxd2GxNOq3QODXi\/NTc7n9RshY6JW\/a\/qgMfRdQB7GvZo5oc09veCA1K5\/EEHoPW6qfwv4v7bDGkZzUDkBO4ixn5q34owhZFdlstiOokrRdMDCTGGZP1QzjmGD2OETsh3\/rGizK2rmDnWGVsi\/2RCrxBjm8s3vpCe7FAnhrjb6ZOHrEuZox595vnOo1WowPu2jUkEaG6x2IY3MXf5dGvDOPBd7Ejuw9rkz8lNoZMz38QuHZqb3gXY8O8mus5eWYtkiy+gOI4EVvbUj\/AO4wgHo4GQV4R7InkIGbSJt5Sh2EHMdaCpGsgQFJTwD8xAExY3A9BdGsB4Tr1SMmUT1ctxsIHwwt5JHiD\/0tjh\/AdRjS\/EVG0275RmJ+SKcM8JYY4hoe9z2BuYmCC7W0bLdGqzz3DYV73BjGuc46AC5notp4e8CYoy+o0MYB+o3i+3VekYf8LQY6s1kCIGRpBA8idfVCzx84h0Ma8smAC4Nl2wN9FOUVLspFuPQJp+FCAMriRschv9FyMVcVVYSx9BmZtjD7dot0hcl+1Eb70j\/\/2Q==\" alt=\"\"\/><\/figure>\n<\/div>\n\n\n\n<div class=\"wp-block-column\" style=\"flex-basis:66.66%\">\n<p>Le fondateur de la sophrologie est Alfonso Caycedo, n\u00e9 en 1932 en Colombie, neuropsychiatre et professeur en psychiatrie, passionn\u00e9 par les \u00e9tats de conscience modifi\u00e9s.<\/p>\n<\/div>\n<\/div>\n\n\n\n<p>Il commence par \u00e9tudier et pratiquer l&rsquo;hypnose pour sans d\u00e9tourner et s&rsquo;int\u00e9resser \u00e0 la ph\u00e9nom\u00e9nologie. Il cr\u00e9a la sophrologie Cayc\u00e9dienne (discipline de l&rsquo;\u00e9tude de l&rsquo;harmonie de la conscience) tr\u00e8s inductive et bas\u00e9e sur l&rsquo;hypnose. Il \u00e9voluera sa m\u00e9thode gr\u00e2ce \u00e0 l&rsquo;influence de la ph\u00e9nom\u00e9nologie. Il propose de red\u00e9couvrir les ph\u00e9nom\u00e8nes d&rsquo;\u00e9tats de conscience modifi\u00e9s \u00e0 l&rsquo;aide d&rsquo;une approche ph\u00e9nom\u00e9nologique. La sophrologie devient une m\u00e9thode moins inductive pour s&rsquo;orienter sur l&rsquo;exp\u00e9rience subjective de chacun, la d\u00e9duction personnelle des ph\u00e9nom\u00e8nes.<\/p>\n\n\n\n<p>Alfonso Caycedo continue dans sa recherche de l&rsquo;approfondissement de ces connaissances et commence \u00e0 \u00e9tudier les approches orientales telles que le Yoga, le zen, le bouddhisme, la m\u00e9ditation,&#8230; approches plus corporelles de la conscience.<\/p>\n\n\n\n<p>De son voyage en orient, il d\u00e9veloppe les trois premiers degr\u00e9s de la relaxation dynamique adapt\u00e9e \u00e0 la culture occidentale (1er degr\u00e9 s&rsquo;inspire du Yoga indien, le 2\u00e8me de la m\u00e9ditation tib\u00e9taine et le 3\u00e8me du zen japonais). Caycedo s&rsquo;oriente vers l&rsquo;exploration de ce qui va bien et qui ne demande qu&rsquo;\u00e0 \u00eatre activ\u00e9.<\/p>\n\n\n\n<div class=\"wp-block-columns\">\n<div class=\"wp-block-column\" style=\"flex-basis:33.33%\">\n<figure class=\"wp-block-image size-large\"><img src=\"https:\/\/www.researchgate.net\/profile\/Caroline_Barry2\/publication\/348961269\/figure\/fig1\/AS:986703141539844@1612259769915\/Etats-et-niveaux-de-conscience-issue-de-Caycedo-N-2018-Alfonso-Caycedo-Le-parcours.ppm\" alt=\"\"\/><\/figure>\n<\/div>\n\n\n\n<div class=\"wp-block-column\" style=\"flex-basis:66.66%\">\n<p>Le but de Caycedo est d&rsquo;amener un \u00e9tat de conscience sophronique ou \u00e9tat de supra conscience. Gr\u00e2ce \u00e0 la relaxation, il am\u00e8ne chacun \u00e0 un niveau situ\u00e9 entre l&rsquo;\u00e9tat de veille et sommeil appel\u00e9 niveau sophro-liminal (ou Isocay) et non pathologique. Cet \u00e9tat de conscience plus harmonis\u00e9 est une expression naturelle de ce qui fait la nature humaine, l&rsquo;homme vrai, authentique, en accord avec lui-m\u00eame. L&rsquo;objectif de cette conscience est de renvoyer aux \u00e9tats de s\u00e9r\u00e9nit\u00e9, de sensation d&rsquo;unit\u00e9, d&rsquo;harmonie, de relationnel.<\/p>\n<\/div>\n<\/div>\n\n\n\n<p>La sophrologie se base sur l&rsquo;id\u00e9e des ph\u00e9nom\u00e8nes v\u00e9cus corporellement, c&rsquo;est-\u00e0-dire la conscience par le corps, la conscience indissociable du corps.<\/p>\n\n\n\n<div class=\"wp-block-columns\">\n<div class=\"wp-block-column\" style=\"flex-basis:33.33%\">\n<figure class=\"wp-block-image size-large\"><img src=\"data:image\/png;base64,iVBORw0KGgoAAAANSUhEUgAAASYAAACrCAMAAAD8Q8FaAAABUFBMVEX\/\/\/+1GA+zGA+9GRDAGhC3GA+wGA\/LGxHYHRLBGhDHGxGqFw7NGxHZHRLQHBHVHRL8+fmlFg7kHhPeHRL38fF0AABvAADqHxN5AADz6elyAADs39+lAACrAAC1AAD27++aFQ2gAADi0NDo2dn\/7u2kY2TCm5zLpqfwSD7rAADTAACVAACob3Ddx8ebUlPOr6\/EAAD96OftLSKNAAC9k5Oxf3+WR0iJKy3VvLyiZWWaUFHQAACwentnAADuNSv83duDHR+QEwzzgHvirquHJSeDEBOSPD37z83ybWb5vbrwRTnqnpvvdHDwUkipJR\/mw8GyTEeiMCnCh4S7aGWoVFDdW1bcQDnkl5THNi+eQz\/PmZbQgX25cG3ftrTCVE+vQTvGaGOTHhfgiobAXlrBOjT1lpLysa7wX1fuiITZcGupPzrLKyTCQj7Dgn\/0iITXLSbE2ckrAAAZ2UlEQVR4nO1d+0PayvLfvEkCIUB4GQlIBAQJrwaIShGrYLXa9tx7e9rT3vb2e26f59X\/\/7fvzKLWKlhR7qkKHxUhkGX3k5nZ2c3OLCFzzDHHHHPMMcccc9xgbNZ\/dA1uATYfNrqPplne8hQLuzl4EO829qdXXH1rc3qF3Rzo3UajEZ+aBBhPf5pWUTcK+n680SjuTau4\/1r\/mFZRNwpGNx4Px\/f16ZT2z9Tq3ewPdouNcDhe3J1KYS9T1r+mUtCNw24pHgaefp5GWU8WucXsNAq6eVj+EgGaAqUpWKf6T3dWmAh5VooEgsHI9cVJ\/1dKXXo9hRrdSDwv+TQpGCxtX7egwqIgPJ5GjW4ktksBSVIk7cU1O7vNVYWxXk6nTjcQdV5WOEVSrtlE\/ReLY1JPplSpmwddlAVeEMTQvWuNMl4uCqqwNCX36ybilQUcCaKa+vc1CtldFRnGejq1St08PEmxohoSBXXp6lbc+GVR4LnUne3nAPVFMRQSBEa0frryCHh7McQK6vXU9oZDV4EikRFYIXVVK775Eygum7rLOkfIG0tQRRZpuqI46U9TjCBwq3dZ53DAKkAreRCpxT+vVMB2SmAZwfrPHe7nAE5KZhiG40SWTV3FupjvLEGQmdS1\/fibjeVVXhBFVhRV0Xo7+en6WwuMGyM8NiY\/1zglgDdeFp9aAscxwBOY4cnty3aKYzhBTT0f+W664Jw\/qFeT9H82kT455jYn\/ua\/GQWgSVBVFgxM6qfkhCeb7\/wyJ8vyi5HTltl2Inau\/eZaNE+fePnjQ3ozYU74xd9gpCg6547aE7YubZ96sbnIyNDRsQwjqkuTzmW\/rSk8rwjWaGGqNM3KWXHKuno5f+ZYNZab8HtPw6ycLQ9Rds8eqQ7SIz53Bt6pcgffzDL+x2LAgIsMx7JqaDK127ZkWVIU5fFIYTJ6J5fj5MomC3D43CTnWmGir\/0G2Wp1hMa6sbOcZBPniDsPr3XyVG+vf\/PWWyskshzaJjG09H+TSH9dBY4knrNejXw7uXNcVa9dGRKlQ1ULleHTJhwyyoMqPK\/YIwu4DEyPlLEIYqBKJaFM3QEJNtf1o5fHj6SMV8cYVin59Urpya8fIRU3CR\/wXGQ0\/y2tMKwLgYvJMKyaCS2+vXwN9Tc1XvIDU9boKRS7fdT9VdvO\/SH9ee\/YRDiDHpSwUyivgRFoX\/5Lz9YhT\/QyttFu9ZOk2fbKTi4BsmmChOnlHSRQjw5Vugy1ybbopdN7HvF0ggbBrOzYUEE9uZ4lbiuRAzLXCgk8L\/+t0OuPORV0TgA7Dv9Tv166is9rsl+WFf\/Gf0d3587a0ZOB5\/UpY\/r6kDg712xWclhrowVtql7dNFWpMUnnSU\/vJ41qtEoKZTzShONNx6VWq0rtYxKE2Mil23iRqj2Sj5nNGDzPJSu2XXDtZi8NglWhlSMLha91PQH40Rw4BQL9Yzcue\/9gz1JQljh+jDCR5pHFyUYHa0eyPjhqXM4gA7jelX4Fr1vOG13AJbBGRdPNZxPrQIYDpmUNSdEr0OhB67TRysM3OYkK\/So7X83mWumETcwE1sApFAzU0izqWdPOD1zo5s5eu+VF9Jw4ThYFjmWU7uVu222+0MB4a4pcGyNMpEIVTTcKUfiXRqKGQqVXkb9eQbcXkCSbJLKkegX3FNEGzdDBO2t2oJF6wQXLi7qSHKSrTl8nBlYhS8suO7Yz\/BTQksuTnQIZJPNNkB9Td9eJPXAKpFwgJuk5Tr5luoWOcaZjeWXhuA7A4b\/SpXiqv6iBLElKULFGjlOctXwOr7SZ6HSixK62scLpRM723A4+TSaaA9CRtLPWtGOdVvVqLBEvUc7lgQZ4XM+TgQMyVK62PDuWy2YThbUyfJURQxnWe22goZKv5IEmL0fs+9CZrGfzg0LFNdZt4txvGqRX9cpQMXizQ5qJ5pnOsr4ogzzJR0wppS\/fX8uzLNQkxe\/XFL72bpQw6eVEbGFhIRptu9A5J3LV4YfMZis\/7NXMaDNpxBbark2SMffqYxV9WFy+ibqGf4VBAaQIu4o1byiiDpVqfOG6Q7PczhMTxRCkGM+D\/0Nfcj3hkST6BGDfs+d7X5zqFYEiHkaxAuePFN9\/p3LGsxqv+SW\/Jkm1Ma6WbpqOSS2HPdL0YC0KRybrO982dZhjLst3KmKoPFpxmeeoQCmBYvhCxVvuljRF0ySw4Rtvr1jV24jXKYaRsbsTRY7nOJaTS8\/GE1VvxCNgljRN1vy\/381FKGPwT4sDd4ARZFQ86PZYwbL+eDWaqb1iPBDUFOAJVG70aO6uYvmxwikcSJIi8zJ1oVjRshbfbO+emfpd3v1YDPs0zR9UJFC82RImHLJwIEqsIMGQH3hiwDcA8UotLi6+efX8+fPdzfrue8DDeCMe8EtaEORJGm+\/7y5epoAY0DkFbJMgssCVCHadFTgLuEpZpWIxHgeOwpGgL0hZgp6u9PnGzzpOHX9aPDccsoAtF8AjV3gUKBaeAhglEgnAj+YDhoKaXwsGtQ3\/Xb43Nwb6cws8J3AKGJFlRAZki6G38GSQLWCPh96fihHKkT8AIlVTpra49VbhQ63Go1nCoYvK05ELK8IrvPEiyJLkB1BJ0oI+LVj6MpssQVf\/cQM1DLs5OnJhRPTOgSWwVBwOdP3wB9KEXJUa01nZehux\/DCYYngeLbfIsByjgiixHAUonYRdnC+Iv4HS4QzapRPoe40NhWfwbrkIlkll4BeNOgxkeEXxK5rPp\/kivlLj\/ez1cd9g77DR9ckwaBEBgqiCAvJowGUeR7pBP0hSuDjTojRE\/WB\/pdsIcqoq4g1dFsgCYYKxCZruSCAYKcb3ZlyUhqg\/2F9Z6fKiyqLOQUcn+3Edqz8YiEQic1E6gb550F3ZDwcUXpJ4HOOCuvk1ICkcLnbnovQV+t6nh914HKQHOjYfuN+BcBgGK8Xu+7sZWHh1GO+L4Ugg7EOK4hgpBSQdzPXtHB4Vw2GQI18EGYoXPz44O6kyBwKlCXgCkhof6\/U5RWPwCWiK+MLhcKPx8UfX5QbjZ2QpAhIVb0wpMvEuQt+Abi4S9Pugk5vTNBZ6KQDjNyUYBIdpemHTdw71mg\/cSn9Q0yLB0ocfXZsbi028\/S1JEk7nlj7\/6NrcWDyqwTBFkhWcstx49qNrc2PxvOZXZAUEyq9Ic5rG4nONl+lkHHA1p2ksPm8oisQpmixrwdqbH12bG4sXwBFIEs\/Lkn8uTWNhcYICasdxYJ5q855uHGS8TY7LeBS\/Upv7TeOQAmni6KowhZvTNA56iuMYVWUEhheE0ctQL4\/C1Zc033Doi7yM98YZlhOuGlWo5\/N0lah3\/+tK3ezNmEq\/VsjVKegpQeAFmRFFkKqrRc8nB4NYG1nJJujrfIeQzvrF51wBZ5eUV8+vNE2fC8RKjClsxMkXApQOZQmMk8gJV0vs4bb0JtU2p4qL3AdRhxj9EYGI14OX+Faj05Vz8mr2zwRd2eURbODC6OM4iMvDwsgDXIUJVvxqNFWOl+l7uIzeLfQNkjwK96HxSuZpybe\/Wax+ec0sZJvfNXzts40fdUYyMXGkg16vb1q4JowfLi+8UrQ0WT8lOU6B5FvADA28SeYSvQqxY\/ZXhcnvGOSEqHQletkIOy9Jeki5biO1tm0MKTYMSl5yWL5Hg1dsnehrwxBFDAczTnGFa+XzA3zEk00H3s7S58cnnIG++eTV58+PQ6nFFMcw4F\/SwAPZevP5z71l4G6zvqwDLtWCdO9byXYLGAbh5VxSaWZ31pM7baL3OqSAEaxetAn2wiPlFtat7zUvGRRlVomNDcn2m2453WvFnHTOIfZOU++DISSJHv0Uhhyn1\/uFYUALRiKAaWoXMPLA01EnW7HqoFcpewZGGa21ezl9vUkKLWK0z+eBW958+Ua0apZVkxQamwG\/LM8ILMvxlmXhXajF1dXVe6uriXtbvX99+J5mJAenpNjIOuv9\/np70HR0DzjYyZKWR3KVTqETg6qld5Lm2k61Wcaoymwr2b5kEEuHXomsazb7Omk6pOeV+0ndqbYKtABn2EqsSDPbLJB2h1YspyeIGdULCcddgE+smUmQ5RyYhFxMJ9kOyeWdZtLt5Ig+POEUR9uff6\/VMHSX52RewTWXw7VNqHi4dlXRwuFgiEJUM6Gl1Xup1acvL2LKKZ96kW8VeuAL0OAx+P4sWIsWWTe9nRzpI005o0U6vaq5AC1qHcVzfR9GjlagZZIWCEzCtHPExiirZPR0xIm5jhK6k8cOjgYUJtYxks6p5tt2xYFLZFRdokNRBnaA5SrpQUXzSVTV4QnHqH\/+vVTzg7uNYYQyjHYZXhRk+AWfCfjiQe\/gjSCbyYiqCiTBg6iG1NTS6PDVIY5M60mF28fHyjmC4catskfcqEHaDlkzKpUkaa2DpQcl6mPVLtUjJlGv7Tw8IDkJO5cmTsuEYlvD7z6K6smlXbsHn7bJGlopjLfykpUOvupkC17PBoq8CjFMZ5B0cgWMId2pkmYnnx2eMIS++\/OGD6PjcOWgBITQMQoGsOCaOdA7UEFcesmHVDEUyoA4hVRMsiNw3OI4N81sudSCp3f6x99yH143sV1ubx1b0YcaYJxy3q0k06B52QX4QKWas6OFpLd+ucwEbi9XxrJs9IPaO1CbQrRsuE46ikf1PnWP3ERTdxJupWl4VPoGa82WY+8QI2YCq57eb4GmdyrZnO5Fy3oeg2Bt6G7KvSyp5k70RX9Qq2lBTeY5HihS4E8GXZNxuTNYcVyyStcU+jUFxQiIUlX6y4JMLY676OAlJWKxWHTnpLnJBDBUQV2vJmhUF9gBO2FjlWzirqNegkRUwW5Go4PCZb08\/SiICj\/vUVfWIUkovkCbNwzBMm0MUQOVP0p90KwCneUyMWiw75F74GF6hGwWe0s8atA4Ke9UP\/eoFMTIONA5hZdkjgoTJ\/Ayx\/AKI6AsgZRJkuaXQ5lMRkVZElGewEEX1PFOfzptmqc9Eewf9WE\/T5tQ6J16t7x26pPe3zGeMc4EFX63+\/5UjGiYrxCVDldZSooggq9EY3+BIBAyXlE0SVNUasCpFKE8saqY+u2KwaeI0\/W8pI\/xI\/GhWKppiKAE\/X5NqdUsNEYc+pYYrQnihZFz\/iOaRFZkWZUBiWKZa6Wku2VY\/nTw4vfff3\/x4sW7d39QvHv34gWMeDk2xGI0oszTgNWgGsqoGZUFrRNV8KZUzlq6u7kuR2J52fhG8JeXl7dTPDpO0KHJiubbD4cDEpjwEBAF5gnISqWWnj65+bryv8ZmCuSJEURVZHn\/x4cfVxql1dWlpdUlfFxafPzLn3OSAPUUWnCeAVuU+gPzCdR3Hcd5\/RoenGzWrs85oli2aJQ0w4pcan6bbiz0FPjgmJyA5az\/\/OjK3GC8qeGAJQQeVOqPuYaNxduazMGIDgxU6t01vMi7jleWyOK4Ds3TfD34WGxjShAa3iPc6bzE18TmEgNOE02dkprmRlF3DPV7LE5iwp9ozdDYbVLoqww4AyKMgcXUb\/OubixWWbz9xAowrPttHosxFr9YGHUoYFrMcVmyb8E80bSgj7uT9E8Lhr0s3l4Rl0Z6BMsf92cmVHOZ\/o7Cvy1OVkWVlRlhadTd8Q+HK4eHhzOSc2eTLI9Z5PWnJXGiIIZUgVsdQdP7+H6322g8mA2z9b4YL9aNUaORl0sCaJyKtwYWz9O0W2zEMQlP8a\/\/fR1\/PPZKQWhqcZT\/uLwa4jkWjLjKnrVNev316moEaZrW9nY3HD9vaOFIZGOkm72RwcVy4DsxJ9KkpzefvOw8XVpdUtVQmEYAz4IRXy4FNUnha0CTsby8uffhE+CvBwcHD\/769GoV97xgRUENLf26Wd\/c3P304LfVe6uLKUtgWUHNCOHIjND0YUNhM1uZ1aefnhVLGxsbGPxcHP7V7qmqIChCiFW3mO7Hw32w17VFvKUihkT4ZdUQBgLHZ4GmBxuZrVBIzdwrxcO+YDAYCAQiYUxeEQ5HMqJA7xmoIdUHNK10u+pWSFUZGL3QeyuhDItaNws0BSRsuRrakgIRH+bTCfp8wFLEF\/D5QGZEumggJIcbQFJDzuB9cVzxRG\/8hjKZyIxIkxTK0HUmIRZkCTjyayBMwWDEFwz4NBQknHKSfIFIoxHntlDZcM2OgDd9GTYkgEPQmAGaNksZUClc2MUEtECARq368D55UAv4gpKAKcElv6ZowXBYAxsGlNL74gxypYYy4Xhjfwbc8O1Sht7KFUPBYQpCDaxTUJIxKbGmSBQa3hgHq6VmhovlUJxUmtwpgzQ9\/NFt+BuwXRLRgovqVgCIAIpAvXwRTB\/n92OYr6RJfoU+i2hSZmsLVxSG1C02kwGi1C1\/ON6dBZoelXxbKB3gApVKmDYmEsB+DqwTmidUPpoATApivktlK5NBT0DkxAy4CipacBjT\/eg2\/A04KPlC2HYlfPjs42GxVDwGuI2lkg+48VNDhWoX8IPWqQyzuJQC48RBT4fpU7oHP7oNfwO+gEHiQFyC8b3hovnd3d33f\/31ANzwh4cfS0fYoI\/xknVv6d69pT\/evH0Mvjmb0XDkOxNK9yWChghUamTeivru3t6vnw8OngEOPn\/69dP26706Tlji5n9bIrrg8e4MKN2yFA5gRlRfZOQUwVi8TWW2ZJr7qtGYAaXbK4E0+cCVnJCmNylBi1NhajRmIH3KdjEC4oQO02Q0PcSs2HEY980GTY\/ikQgMdlGaJormPYgfIdyIXzArZ1ywBdb\/flXz+aicq+JRMYyjt0AkPhlNdH43THXugpFvNRprndsTLlsoVwatROyqG9Ccx5iV9m7l1AvjEruujcdBMU6zpU84HaIDTZEIJarRHXuiveCstc8sr9c7913chi07tb1VzNbOSLksnA6EM\/vXuirdeDhCf+LdSU5bBprCCPAHVsaOfKvrJ1GWevp4R8ZylaSvV+dvYRfSo6OHv7k+ze9HXl5kA\/Zpa1EwViaRpnoR7TfVu+54afq6b6jTX4h9tRTmDq1zuoN7GmU7erJAnCYGECY7+UkNVtI72m7PLg9QfMws6KBjGGniULtoDmNqdNyxKH202ZHXsXH3Uy89\/CDGiJBk5YJwUH0f9SaMI7OJ7kpuFvGkeDxyIU0ne2RmE6R8KlK7SuNTzH4zZhN3oVeoVJsLrXzOyfY60Utsb\/kNgGkaw59sm\/dttIbNpptL5MtOpzJAynP3KTUOVMWuUCJJvt3USbZXvu9UooWy6bXMVllPXLTf4ma8MezY4939SZYN7hbDR1LY2B+vdOvHX50rkH7iq5x03OFBY8Ek2TxGdNnNBAhbxbH7Ey5etGlR6XLSdZwYCE6yXIar0vNASD0a9KgPpakDxXccGlJm0P0OB3qyr9tRh3j9trvWIevnw82\/Yq84NDHg\/oxv7QhgftUITgaHL7BN6ZOdTxMkvx5Nnmg\/3bov3VsfYK07tDU5F8WrMph0D808tXKeC81uAjkOwS7DgS5urfVN17ZDN30bbuGHUpaOknwBIw0psWWXJHsXKN2HrzRNlAD0ESqdz+eDHnL8Wouj7QJ14pXtZjaW1Y9i\/w0MDiRe1KZGoU\/DA1GY3LZNJt0u2l3TDbOQJWauQypreUcHPki1QzfzM7HhDtUzM2FC\/0p0L4vB0xjZH8Xa5fHNpkm3hh256+0R9oauNCrdRCtLHhUDOMjBdL3dh6Mb5jnuMJqvl2y6LZKM5daOjHiWpiJwF4hu5rJ6NDtsBshV2zDs3GRJOfRypYNb33lgWxwoipq9NQ8uRa7s4lXpRPHLnKirO9FOGT+ajZXXXJLAfUnpxr1utuIS3b3Ir3qEPVYgQmma5Bb3oyKwhNMvvnB39AoCJxGL7eTWyms7VdLGsMzy8UbQeo7WKB\/LVcrQLmqz8hhW34lWKp2JU5cMjVkWL4l5tI050lOwj67e0aaBcPQ4rYeLG1DSS0YP0MvnXBhZ\/AG9S0woCzRNUrfnxYBP89N9DcbNoyQ9r5CvOpg+gYZBfx23DGvrNPGt4Zaaw6wKVdf8AavPjfL3PwOmGKfAqSWeROmex+luKxpo3W2fbvIuEcr\/AWjyBYNAU\/iS+68O8etGELeExAnzxi1ftuNeQoL3ShEQCwXvqVw00D+Hg42g3093NwjEbzdNxmXi+PdKuG0h5gDlS5NMGx2UNI1u4eMPxG+30uUv02fs1YZJGjiOnygt2rMSKJ0fN1655bmf9Qu8pa\/YrSmyhClQRGHMLvSj8awUACEUJEkJ3G6aLodlUaY7Q0OTJ6Qp6MdNxgROnkhZbymMx7KCOb8EnpsoneyzDZr5AvNibszCyst3Ms+zvMKBGX8xwWl\/0KzGApwm1WaBphcKze\/ByZzweIJB57MabsJGd2KzrpR17pbhFW4rClZcEfziBKvggSbcgBQ6ScWahYDEV7g5NIf7GfKhCSacXlmgbgpu7cfNhDQ9t0AoRNA6nplE6R6BbVJkVFZ\/bRZoep3iMM8AJ6j8JPNyz2sSzWGItmnq6T5vIJZ\/Zxnc\/DHErUyy\/mazJENPh5uUz4bSkcNG8MsXvyQ1ViZaWBIPcpzI4tbIqVmQJvKhu9+NN+KN\/cOJaPrUbQTAl5D9\/plYFU70FaApjjRNNNLf3KehdI1u93A2oukervgkxRdsHE40b6SvrHQDkuL\/snK751Eujfohuk6C9nGyIez7FT7EquLSl1kYqyAeWYIsS9bHyZSnfpgCIy4K6mzoHCG74FHzivV8wtM+W4ogcNarmQmw3+Y1OTjJ\/MDwLEvieXZ2WCLkiaXULjEpd4aRD5ZlzVaCmQ9C7e3kZz159I8ZkiVE8uX0lnPOMcccc8wxxxzXwP8DXbMJGdbY6BQAAAAASUVORK5CYII=\" alt=\"\"\/><\/figure>\n<\/div>\n\n\n\n<div class=\"wp-block-column\" style=\"flex-basis:66.66%\">\n<p>La sophrologie est donc une science qui \u00e9tudie la conscience en \u00e9quilibre inspir\u00e9e de la ph\u00e9nom\u00e9nologie existentielle.<\/p>\n\n\n\n<p>La sophrologie est une m\u00e9thode d&rsquo;entrainement vivantiel qui s&rsquo;utilise dans les sciences de la sant\u00e9, dans l&rsquo;\u00e9ducation, le sport et le d\u00e9veloppement personnel.<\/p>\n<\/div>\n<\/div>\n\n\n\n<h2>Quatre principes fondamentaux de la sophrologie&nbsp;<\/h2>\n\n\n\n<ul><li>Le principe d&rsquo;action positive ou attraction positive,<\/li><li>Le principe du sch\u00e9ma corporel comme r\u00e9alit\u00e9 v\u00e9cue,<\/li><li>Le principe de la r\u00e9alit\u00e9 objective<\/li><li>Le principe d&rsquo;adaptabilit\u00e9 ou flexibilit\u00e9<\/li><\/ul>\n\n\n\n<p><\/p>\n","protected":false},"excerpt":{"rendered":"<p>Le fondateur de la sophrologie est Alfonso Caycedo, n\u00e9 en 1932 en Colombie, neuropsychiatre et professeur en psychiatrie, passionn\u00e9 par les \u00e9tats de conscience modifi\u00e9s. Il commence par \u00e9tudier et pratiquer l&rsquo;hypnose pour sans d\u00e9tourner et s&rsquo;int\u00e9resser \u00e0 la ph\u00e9nom\u00e9nologie. Il cr\u00e9a la sophrologie Cayc\u00e9dienne (discipline de l&rsquo;\u00e9tude de l&rsquo;harmonie de la conscience) tr\u00e8s inductive [&hellip;]<\/p>\n","protected":false},"author":1,"featured_media":0,"parent":0,"menu_order":0,"comment_status":"closed","ping_status":"closed","template":"","meta":[],"_links":{"self":[{"href":"https:\/\/www.mdcoach.lu\/index.php\/wp-json\/wp\/v2\/pages\/25"}],"collection":[{"href":"https:\/\/www.mdcoach.lu\/index.php\/wp-json\/wp\/v2\/pages"}],"about":[{"href":"https:\/\/www.mdcoach.lu\/index.php\/wp-json\/wp\/v2\/types\/page"}],"author":[{"embeddable":true,"href":"https:\/\/www.mdcoach.lu\/index.php\/wp-json\/wp\/v2\/users\/1"}],"replies":[{"embeddable":true,"href":"https:\/\/www.mdcoach.lu\/index.php\/wp-json\/wp\/v2\/comments?post=25"}],"version-history":[{"count":14,"href":"https:\/\/www.mdcoach.lu\/index.php\/wp-json\/wp\/v2\/pages\/25\/revisions"}],"predecessor-version":[{"id":164,"href":"https:\/\/www.mdcoach.lu\/index.php\/wp-json\/wp\/v2\/pages\/25\/revisions\/164"}],"wp:attachment":[{"href":"https:\/\/www.mdcoach.lu\/index.php\/wp-json\/wp\/v2\/media?parent=25"}],"curies":[{"name":"wp","href":"https:\/\/api.w.org\/{rel}","templated":true}]}}